{"id":573,"date":"2018-12-05T22:56:42","date_gmt":"2018-12-05T21:56:42","guid":{"rendered":"https:\/\/www.heimatfreundeweibern.de\/wordpress\/?page_id=573"},"modified":"2024-07-28T21:06:20","modified_gmt":"2024-07-28T19:06:20","slug":"o","status":"publish","type":"page","link":"https:\/\/www.heimatfreundeweibern.de\/wordpress\/o\/","title":{"rendered":"O (23)"},"content":{"rendered":"<p><span style=\"color: #ff0000;\"><strong>obatt&nbsp;<\/strong><em><span style=\"color: #000000;\">&#8211; och was (Verneinung)<br \/>\n<\/span><\/em><\/span><\/p>\n<p><strong><span style=\"color: #ff0000;\">Obatt, der oss jest\u00f6rwe?&nbsp;<\/span><\/strong><em><span style=\"color: #ff0000;\"><span style=\"color: #000000;\"> &#8211; Och was, der ist gestorben?<\/span><\/span><\/em><\/p>\n<audio class=\"wp-audio-shortcode\" id=\"audio-573-1\" preload=\"none\" style=\"width: 100%;\" controls=\"controls\"><source type=\"audio\/mpeg\" src=\"https:\/\/www.heimatfreundeweibern.de\/wordpress\/wp-content\/uploads\/2024\/06\/obatt.mp3?_=1\" \/><a href=\"https:\/\/www.heimatfreundeweibern.de\/wordpress\/wp-content\/uploads\/2024\/06\/obatt.mp3\">https:\/\/www.heimatfreundeweibern.de\/wordpress\/wp-content\/uploads\/2024\/06\/obatt.mp3<\/a><\/audio>\n<p><span style=\"color: #ff0000;\"><strong>objekooft<\/strong><\/span> \u2013 <em>aufgekauft<\/em><\/p>\n<p><strong><span style=\"color: #ff0000;\">Jeste kom de Altr\u00e4uscher (Altr\u00f6cher) mot em Auto on h\u00e4t Eise, Lompe on annere ahle Kroam objekooft.<\/span><\/strong> \u2013&nbsp;<em>Gestern kam der Altwarenh\u00e4ndler mit dem Auto und hat Eisen, Lumpen und anderen Kram aufgekauft.<\/em><\/p>\n<audio class=\"wp-audio-shortcode\" id=\"audio-573-2\" preload=\"none\" style=\"width: 100%;\" controls=\"controls\"><source type=\"audio\/mpeg\" src=\"https:\/\/www.heimatfreundeweibern.de\/wordpress\/wp-content\/uploads\/2018\/12\/opjekoohft-im-Satz.mp3?_=2\" \/><a href=\"https:\/\/www.heimatfreundeweibern.de\/wordpress\/wp-content\/uploads\/2018\/12\/opjekoohft-im-Satz.mp3\">https:\/\/www.heimatfreundeweibern.de\/wordpress\/wp-content\/uploads\/2018\/12\/opjekoohft-im-Satz.mp3<\/a><\/audio>\n<p><span style=\"color: #ff0000;\"><strong>objeschmo\u00df<\/strong> <em><span style=\"color: #000000;\">&#8211; aufgeschmissen<\/span><\/em><strong><br \/>\n<\/strong><\/span><\/p>\n<p><strong><span style=\"color: #ff0000;\">Der woar janz sch\u00f6n objeschmoss. <\/span><\/strong><em><span style=\"color: #ff0000;\"><span style=\"color: #000000;\">&#8211; Der war ganz sch\u00f6n aufgeschmissen.<\/span><\/span><\/em><\/p>\n<audio class=\"wp-audio-shortcode\" id=\"audio-573-3\" preload=\"none\" style=\"width: 100%;\" controls=\"controls\"><source type=\"audio\/mpeg\" src=\"https:\/\/www.heimatfreundeweibern.de\/wordpress\/wp-content\/uploads\/2024\/06\/objeschmoss.mp3?_=3\" \/><a href=\"https:\/\/www.heimatfreundeweibern.de\/wordpress\/wp-content\/uploads\/2024\/06\/objeschmoss.mp3\">https:\/\/www.heimatfreundeweibern.de\/wordpress\/wp-content\/uploads\/2024\/06\/objeschmoss.mp3<\/a><\/audio>\n<p><span style=\"color: #ff0000;\"><strong>och<\/strong><\/span> \u2013 <em>auch<\/em><\/p>\n<p><strong><span style=\"color: #ff0000;\">De Hein oss an Altr\u00e4usch, der hefft och alles opp.<\/span><\/strong> \u2013&nbsp;<em>Der Heinrich ist ein Altr\u00e4usch, der hebt auch alles auf.<\/em><\/p>\n<audio class=\"wp-audio-shortcode\" id=\"audio-573-4\" preload=\"none\" style=\"width: 100%;\" controls=\"controls\"><source type=\"audio\/mpeg\" src=\"https:\/\/www.heimatfreundeweibern.de\/wordpress\/wp-content\/uploads\/2018\/12\/och-im-Satz.mp3?_=4\" \/><a href=\"https:\/\/www.heimatfreundeweibern.de\/wordpress\/wp-content\/uploads\/2018\/12\/och-im-Satz.mp3\">https:\/\/www.heimatfreundeweibern.de\/wordpress\/wp-content\/uploads\/2018\/12\/och-im-Satz.mp3<\/a><\/audio>\n<p><span style=\"color: #ff0000;\"><strong>\u00f6fde <\/strong><\/span>\u2013 <em>\u00f6fter<br \/>\n<\/em><\/p>\n<p><strong><span style=\"color: #ff0000;\">J\u00f6ngelsche, dat michst dau mir nur \u00e4mol, on net \u00f6fde!<\/span><\/strong>&nbsp;\u2013<em> Junge, das machst du mir nur einmal, und nicht \u00f6fter.<br \/>\n<\/em><\/p>\n<audio class=\"wp-audio-shortcode\" id=\"audio-573-5\" preload=\"none\" style=\"width: 100%;\" controls=\"controls\"><source type=\"audio\/mpeg\" src=\"https:\/\/www.heimatfreundeweibern.de\/wordpress\/wp-content\/uploads\/2018\/12\/\u00f6fde-im-Satz.mp3?_=5\" \/><a href=\"https:\/\/www.heimatfreundeweibern.de\/wordpress\/wp-content\/uploads\/2018\/12\/\u00f6fde-im-Satz.mp3\">https:\/\/www.heimatfreundeweibern.de\/wordpress\/wp-content\/uploads\/2018\/12\/\u00f6fde-im-Satz.mp3<\/a><\/audio>\n<p><span style=\"color: #ff0000;\"><strong>\u00f6mstroppe<\/strong> <em><span style=\"color: #000000;\">&#8211; umziehen, Kleidung wechseln<\/span><\/em><strong><br \/>\n<\/strong><\/span><\/p>\n<p><strong><span style=\"color: #ff0000;\">Ech mos mech jerad noch \u00f6mstroppe.&nbsp;<\/span><\/strong><em><span style=\"color: #ff0000;\"><span style=\"color: #000000;\">&#8211; Ich muss mich gerade noch umziehen.<\/span><\/span><\/em><\/p>\n<audio class=\"wp-audio-shortcode\" id=\"audio-573-6\" preload=\"none\" style=\"width: 100%;\" controls=\"controls\"><source type=\"audio\/mpeg\" src=\"https:\/\/www.heimatfreundeweibern.de\/wordpress\/wp-content\/uploads\/2024\/07\/oemstroppe.mp3?_=6\" \/><a href=\"https:\/\/www.heimatfreundeweibern.de\/wordpress\/wp-content\/uploads\/2024\/07\/oemstroppe.mp3\">https:\/\/www.heimatfreundeweibern.de\/wordpress\/wp-content\/uploads\/2024\/07\/oemstroppe.mp3<\/a><\/audio>\n<p><span style=\"color: #ff0000;\"><strong>Ompele, de<\/strong> <em><span style=\"color: #000000;\">&#8211; Himbeeren, die<\/span><\/em><strong><br \/>\n<\/strong><\/span><\/p>\n<p><strong><span style=\"color: #ff0000;\">De Ompele h\u00e4mme om Jaate.<\/span><\/strong><span style=\"color: #ff0000;\">&nbsp;<\/span><em><span style=\"color: #000000;\">&#8211; Die Himbeeren haben wir im Garten.<\/span><\/em><\/p>\n<audio class=\"wp-audio-shortcode\" id=\"audio-573-7\" preload=\"none\" style=\"width: 100%;\" controls=\"controls\"><source type=\"audio\/mpeg\" src=\"https:\/\/www.heimatfreundeweibern.de\/wordpress\/wp-content\/uploads\/2024\/03\/Ompele.mp3?_=7\" \/><a href=\"https:\/\/www.heimatfreundeweibern.de\/wordpress\/wp-content\/uploads\/2024\/03\/Ompele.mp3\">https:\/\/www.heimatfreundeweibern.de\/wordpress\/wp-content\/uploads\/2024\/03\/Ompele.mp3<\/a><\/audio>\n<p><span style=\"color: #ff0000;\"><strong>om <\/strong><\/span>\u2013 <em>im<br \/>\n<\/em><\/p>\n<p><span style=\"color: #ff0000;\"><strong>Om Herst wuren die B\u00fctte leddege jemaacht, soss konnten se vom Frost b\u00e4schte. <\/strong><\/span>\u2013<em> Im Herbst wurden die B\u00fctten leer gemacht, sonst konnten sie vom Frost bersten.<br \/>\n<\/em><\/p>\n<audio class=\"wp-audio-shortcode\" id=\"audio-573-8\" preload=\"none\" style=\"width: 100%;\" controls=\"controls\"><source type=\"audio\/mpeg\" src=\"https:\/\/www.heimatfreundeweibern.de\/wordpress\/wp-content\/uploads\/2019\/02\/om-mit-Satz.mp3?_=8\" \/><a href=\"https:\/\/www.heimatfreundeweibern.de\/wordpress\/wp-content\/uploads\/2019\/02\/om-mit-Satz.mp3\">https:\/\/www.heimatfreundeweibern.de\/wordpress\/wp-content\/uploads\/2019\/02\/om-mit-Satz.mp3<\/a><\/audio>\n<p><span style=\"color: #ff0000;\"><strong>Omend, de <\/strong><\/span>\u2013 <em>Abend, der<br \/>\n<\/em><\/p>\n<p><strong><span style=\"color: #ff0000;\">Bo worst dau jeste Omend su lang?<\/span> <\/strong>\u2013<em> Wo warst du gestern Abend so lange?<br \/>\n<\/em><\/p>\n<audio class=\"wp-audio-shortcode\" id=\"audio-573-9\" preload=\"none\" style=\"width: 100%;\" controls=\"controls\"><source type=\"audio\/mpeg\" src=\"https:\/\/www.heimatfreundeweibern.de\/wordpress\/wp-content\/uploads\/2019\/02\/Omend-im-Satz.mp3?_=9\" \/><a href=\"https:\/\/www.heimatfreundeweibern.de\/wordpress\/wp-content\/uploads\/2019\/02\/Omend-im-Satz.mp3\">https:\/\/www.heimatfreundeweibern.de\/wordpress\/wp-content\/uploads\/2019\/02\/Omend-im-Satz.mp3<\/a><\/audio>\n<p><span style=\"color: #ff0000;\"><strong>\u00f6mme <\/strong><\/span>\u2013 <em>immer<br \/>\n<\/em><\/p>\n<p><strong><span style=\"color: #ff0000;\">\u00d6mme nur dat S\u00e4lwe ze schreiwe oss doch \u00e4nd\u00f6\u00f6nesch. <\/span><\/strong>\u2013<em> Immer nur das Selbe zu schreiben ist doch eint\u00f6nig.<br \/>\n<\/em><\/p>\n<audio class=\"wp-audio-shortcode\" id=\"audio-573-10\" preload=\"none\" style=\"width: 100%;\" controls=\"controls\"><source type=\"audio\/mpeg\" src=\"https:\/\/www.heimatfreundeweibern.de\/wordpress\/wp-content\/uploads\/2018\/12\/\u00f6mme-im-Satz.mp3?_=10\" \/><a href=\"https:\/\/www.heimatfreundeweibern.de\/wordpress\/wp-content\/uploads\/2018\/12\/\u00f6mme-im-Satz.mp3\">https:\/\/www.heimatfreundeweibern.de\/wordpress\/wp-content\/uploads\/2018\/12\/\u00f6mme-im-Satz.mp3<\/a><\/audio>\n<p><span style=\"color: #ff0000;\"><strong>on<\/strong><\/span> \u2013 <em>und<br \/>\n<\/em><\/p>\n<p><strong><span style=\"color: #ff0000;\">Oft so\u00dfen mir op der Mauer von der Kirchetrapp on le\u00dfen die B\u00e4n bampele.<\/span> <\/strong>\u2013<em>&nbsp; Oft sa\u00dfen wir auf der Mauer von der Kirchtreppe und liesen die Beine baumeln.<br \/>\n<\/em><\/p>\n<audio class=\"wp-audio-shortcode\" id=\"audio-573-11\" preload=\"none\" style=\"width: 100%;\" controls=\"controls\"><source type=\"audio\/mpeg\" src=\"https:\/\/www.heimatfreundeweibern.de\/wordpress\/wp-content\/uploads\/2019\/02\/on-mit-Satz.mp3?_=11\" \/><a href=\"https:\/\/www.heimatfreundeweibern.de\/wordpress\/wp-content\/uploads\/2019\/02\/on-mit-Satz.mp3\">https:\/\/www.heimatfreundeweibern.de\/wordpress\/wp-content\/uploads\/2019\/02\/on-mit-Satz.mp3<\/a><\/audio>\n<p><span style=\"color: #ff0000;\"><strong>onne<\/strong><\/span> \u2013 <em>unter<br \/>\n<\/em><\/p>\n<p><strong><span style=\"color: #ff0000;\">Et D\u00f6rf j\u00e4t onne, de \u00c4rbede rejieren et D\u00f6rf.<\/span> <\/strong>\u2013<em> Das Dorf geht unter, die Arbeiter regieren das Dorf.<br \/>\n<\/em><\/p>\n<audio class=\"wp-audio-shortcode\" id=\"audio-573-12\" preload=\"none\" style=\"width: 100%;\" controls=\"controls\"><source type=\"audio\/mpeg\" src=\"https:\/\/www.heimatfreundeweibern.de\/wordpress\/wp-content\/uploads\/2019\/03\/onne-mit-Satz.mp3?_=12\" \/><a href=\"https:\/\/www.heimatfreundeweibern.de\/wordpress\/wp-content\/uploads\/2019\/03\/onne-mit-Satz.mp3\">https:\/\/www.heimatfreundeweibern.de\/wordpress\/wp-content\/uploads\/2019\/03\/onne-mit-Satz.mp3<\/a><\/audio>\n<p><span style=\"color: #ff0000;\"><strong>onne <\/strong><span style=\"color: #000000;\"><em>&#8211; unten<br \/>\n<\/em><\/span><\/span><\/p>\n<p><strong><span style=\"color: #ff0000;\">Sei oss onne bliff <\/span><\/strong><span style=\"color: #000000;\"><em>&#8211; Sie ist unten geblieben.<\/em><\/span><\/p>\n<audio class=\"wp-audio-shortcode\" id=\"audio-573-13\" preload=\"none\" style=\"width: 100%;\" controls=\"controls\"><source type=\"audio\/mpeg\" src=\"https:\/\/www.heimatfreundeweibern.de\/wordpress\/wp-content\/uploads\/2023\/04\/Onne-im-Satz.mp3?_=13\" \/><a href=\"https:\/\/www.heimatfreundeweibern.de\/wordpress\/wp-content\/uploads\/2023\/04\/Onne-im-Satz.mp3\">https:\/\/www.heimatfreundeweibern.de\/wordpress\/wp-content\/uploads\/2023\/04\/Onne-im-Satz.mp3<\/a><\/audio>\n<p><span style=\"color: #ff0000;\"><strong>\u00d6\u00f6lech, de<\/strong> <em><span style=\"color: #000000;\">&#8211; das \u00d6l<\/span><\/em><strong><br \/>\n<\/strong><\/span><\/p>\n<p><strong><span style=\"color: #ff0000;\">De Kah kirgst esu, doh \u00e4s jet \u00d6\u00f6lech dr\u00e4n.&nbsp;<\/span><\/strong><em><span style=\"color: #ff0000;\"><span style=\"color: #000000;\">&#8211; Die Karre knarrt so, tu mal was \u00d6l dran.<\/span><\/span><\/em><\/p>\n<audio class=\"wp-audio-shortcode\" id=\"audio-573-14\" preload=\"none\" style=\"width: 100%;\" controls=\"controls\"><source type=\"audio\/mpeg\" src=\"https:\/\/www.heimatfreundeweibern.de\/wordpress\/wp-content\/uploads\/2024\/07\/de-Oeoelech.mp3?_=14\" \/><a href=\"https:\/\/www.heimatfreundeweibern.de\/wordpress\/wp-content\/uploads\/2024\/07\/de-Oeoelech.mp3\">https:\/\/www.heimatfreundeweibern.de\/wordpress\/wp-content\/uploads\/2024\/07\/de-Oeoelech.mp3<\/a><\/audio>\n<p><span style=\"color: #ff0000;\"><strong>Oore, de<\/strong> <em><span style=\"color: #000000;\">&#8211; die Augen<\/span><\/em><strong><br \/>\n<\/strong><\/span><\/p>\n<p><strong><span style=\"color: #ff0000;\">H\u00e4stde k\u00e4hn Oore im Kopp?&nbsp;<\/span><\/strong><em><span style=\"color: #ff0000;\"><span style=\"color: #000000;\">&#8211; Hast du keine Augen im Kopf?<\/span><\/span><\/em><\/p>\n<audio class=\"wp-audio-shortcode\" id=\"audio-573-15\" preload=\"none\" style=\"width: 100%;\" controls=\"controls\"><source type=\"audio\/mpeg\" src=\"https:\/\/www.heimatfreundeweibern.de\/wordpress\/wp-content\/uploads\/2024\/07\/de-Oore.mp3?_=15\" \/><a href=\"https:\/\/www.heimatfreundeweibern.de\/wordpress\/wp-content\/uploads\/2024\/07\/de-Oore.mp3\">https:\/\/www.heimatfreundeweibern.de\/wordpress\/wp-content\/uploads\/2024\/07\/de-Oore.mp3<\/a><\/audio>\n<p><span style=\"color: #ff0000;\"><strong>oos, oose<\/strong><\/span> \u2013 <em>uns, unser, unsere<br \/>\n<\/em><\/p>\n<p><strong><span style=\"color: #ff0000;\">De \u00c4efel oss oos Heimat un a sch\u00f6 St\u00fccksche \u00c4rd.<\/span><\/strong> \u2013&nbsp;<em> Die Eifel ist unsere Heimat und ein sch\u00f6nes St\u00fcckchen Erde.<\/em><\/p>\n<audio class=\"wp-audio-shortcode\" id=\"audio-573-16\" preload=\"none\" style=\"width: 100%;\" controls=\"controls\"><source type=\"audio\/mpeg\" src=\"https:\/\/www.heimatfreundeweibern.de\/wordpress\/wp-content\/uploads\/2018\/12\/oos-im-Satz.mp3?_=16\" \/><a href=\"https:\/\/www.heimatfreundeweibern.de\/wordpress\/wp-content\/uploads\/2018\/12\/oos-im-Satz.mp3\">https:\/\/www.heimatfreundeweibern.de\/wordpress\/wp-content\/uploads\/2018\/12\/oos-im-Satz.mp3<\/a><\/audio>\n<p><span style=\"color: #ff0000;\"><strong>op<\/strong><\/span> \u2013 <em>auf<br \/>\n<\/em><\/p>\n<p><em><span style=\"color: #ff0000;\"><strong>Oft so\u00dfen mir op der Mauer von der Kirchetrapp on le\u00dfen die B\u00e4n bampele. <\/strong><\/span>\u2013&nbsp; Oft sa\u00dfen wir auf der Mauer von der Kirchtreppe und liesen die Beine baumeln.<\/em><\/p>\n<audio class=\"wp-audio-shortcode\" id=\"audio-573-17\" preload=\"none\" style=\"width: 100%;\" controls=\"controls\"><source type=\"audio\/mpeg\" src=\"https:\/\/www.heimatfreundeweibern.de\/wordpress\/wp-content\/uploads\/2019\/02\/op-mit-Satz.mp3?_=17\" \/><a href=\"https:\/\/www.heimatfreundeweibern.de\/wordpress\/wp-content\/uploads\/2019\/02\/op-mit-Satz.mp3\">https:\/\/www.heimatfreundeweibern.de\/wordpress\/wp-content\/uploads\/2019\/02\/op-mit-Satz.mp3<\/a><\/audio>\n<p><span style=\"color: #ff0000;\"><strong>op \u00e4mol<\/strong> <em><span style=\"color: #000000;\">&#8211; auf einmal<\/span><\/em><strong><br \/>\n<\/strong><\/span><\/p>\n<p><strong><span style=\"color: #ff0000;\">Op \u00e4mol woar sei fott. <\/span><\/strong><em><span style=\"color: #ff0000;\"><span style=\"color: #000000;\">&#8211; Auf einmal war sie weg.<\/span><\/span><\/em><\/p>\n<audio class=\"wp-audio-shortcode\" id=\"audio-573-18\" preload=\"none\" style=\"width: 100%;\" controls=\"controls\"><source type=\"audio\/mpeg\" src=\"https:\/\/www.heimatfreundeweibern.de\/wordpress\/wp-content\/uploads\/2024\/03\/op-aemol.mp3?_=18\" \/><a href=\"https:\/\/www.heimatfreundeweibern.de\/wordpress\/wp-content\/uploads\/2024\/03\/op-aemol.mp3\">https:\/\/www.heimatfreundeweibern.de\/wordpress\/wp-content\/uploads\/2024\/03\/op-aemol.mp3<\/a><\/audio>\n<p><span style=\"color: #ff0000;\"><strong>ophalse<\/strong> <em><span style=\"color: #000000;\">&#8211; aufhalsen<\/span><\/em><strong><br \/>\n<\/strong><\/span><\/p>\n<p><strong><span style=\"color: #ff0000;\">Doht \u00f6sch net zevill ophalse.&nbsp;<\/span><\/strong><em><span style=\"color: #ff0000;\"><span style=\"color: #000000;\">&#8211; Tut euch nicht zu viel aufhalsen.<\/span><\/span><\/em><\/p>\n<audio class=\"wp-audio-shortcode\" id=\"audio-573-19\" preload=\"none\" style=\"width: 100%;\" controls=\"controls\"><source type=\"audio\/mpeg\" src=\"https:\/\/www.heimatfreundeweibern.de\/wordpress\/wp-content\/uploads\/2018\/12\/och-im-Satz.mp3?_=19\" \/><a href=\"https:\/\/www.heimatfreundeweibern.de\/wordpress\/wp-content\/uploads\/2018\/12\/och-im-Satz.mp3\">https:\/\/www.heimatfreundeweibern.de\/wordpress\/wp-content\/uploads\/2018\/12\/och-im-Satz.mp3<\/a><\/audio>\n<p><span style=\"color: #ff0000;\"><strong>opjer\u00e4\u00e4scht<\/strong> <em><span style=\"color: #000000;\">&#8211; aufgeregt<\/span><\/em><strong><br \/>\n<\/strong><\/span><\/p>\n<p><strong><span style=\"color: #ff0000;\">Heut h\u00e4n ech mech esu rechtech opjer\u00e4\u00e4scht. <\/span><\/strong><em><span style=\"color: #ff0000;\"><span style=\"color: #000000;\">&#8211; Heute habe ich mich so richtig aufgeregt.<\/span><\/span><\/em><\/p>\n<audio class=\"wp-audio-shortcode\" id=\"audio-573-20\" preload=\"none\" style=\"width: 100%;\" controls=\"controls\"><source type=\"audio\/mpeg\" src=\"https:\/\/www.heimatfreundeweibern.de\/wordpress\/wp-content\/uploads\/2024\/07\/ophalse.mp3?_=20\" \/><a href=\"https:\/\/www.heimatfreundeweibern.de\/wordpress\/wp-content\/uploads\/2024\/07\/ophalse.mp3\">https:\/\/www.heimatfreundeweibern.de\/wordpress\/wp-content\/uploads\/2024\/07\/ophalse.mp3<\/a><\/audio>\n<audio class=\"wp-audio-shortcode\" id=\"audio-573-21\" preload=\"none\" style=\"width: 100%;\" controls=\"controls\"><source type=\"audio\/mpeg\" src=\"https:\/\/www.heimatfreundeweibern.de\/wordpress\/wp-content\/uploads\/2024\/07\/opjeraeaescht.mp3?_=21\" \/><a href=\"https:\/\/www.heimatfreundeweibern.de\/wordpress\/wp-content\/uploads\/2024\/07\/opjeraeaescht.mp3\">https:\/\/www.heimatfreundeweibern.de\/wordpress\/wp-content\/uploads\/2024\/07\/opjeraeaescht.mp3<\/a><\/audio>\n<p><span style=\"color: #ff0000;\"><strong>opjestanne <\/strong><\/span><em>&#8211; aufgestanden<br \/>\n<\/em><\/p>\n<p><strong><span style=\"color: #ff0000;\">Bonnesch de Moss oss dat Marie opjestanne on jeng uss de Kirch.&nbsp;<\/span><\/strong><em><span style=\"color: #ff0000;\"><span style=\"color: #000000;\">&#8211; W\u00e4hrend der messe ist die Maria aufgestanden und ging aus der Kirche.<\/span><\/span><\/em><\/p>\n<audio class=\"wp-audio-shortcode\" id=\"audio-573-22\" preload=\"none\" style=\"width: 100%;\" controls=\"controls\"><source type=\"audio\/mpeg\" src=\"https:\/\/www.heimatfreundeweibern.de\/wordpress\/wp-content\/uploads\/2023\/04\/opjestanne-im-satz.mp3?_=22\" \/><a href=\"https:\/\/www.heimatfreundeweibern.de\/wordpress\/wp-content\/uploads\/2023\/04\/opjestanne-im-satz.mp3\">https:\/\/www.heimatfreundeweibern.de\/wordpress\/wp-content\/uploads\/2023\/04\/opjestanne-im-satz.mp3<\/a><\/audio>\n<p><span style=\"color: #ff0000;\"><strong>opr\u00e4ume<\/strong><\/span> \u2013 <em>aufr\u00e4umen<br \/>\n<\/em><\/p>\n<p><strong><span style=\"color: #ff0000;\">Mein Motte h\u00e4t mesch \u00e4njestiwwelt, ech soll mei Zemme opr\u00e4ume.<\/span><\/strong> \u2013<em> Meine Mutter hat mich angeregt, ich soll mein Zimmer aufr\u00e4umen.<br \/>\n<\/em><\/p>\n<audio class=\"wp-audio-shortcode\" id=\"audio-573-23\" preload=\"none\" style=\"width: 100%;\" controls=\"controls\"><source type=\"audio\/mpeg\" src=\"https:\/\/www.heimatfreundeweibern.de\/wordpress\/wp-content\/uploads\/2018\/12\/opr\u00e4ume-im-Satz.mp3?_=23\" \/><a href=\"https:\/\/www.heimatfreundeweibern.de\/wordpress\/wp-content\/uploads\/2018\/12\/opr\u00e4ume-im-Satz.mp3\">https:\/\/www.heimatfreundeweibern.de\/wordpress\/wp-content\/uploads\/2018\/12\/opr\u00e4ume-im-Satz.mp3<\/a><\/audio>\n<p><span style=\"color: #ff0000;\"><strong>oss<\/strong><\/span> \u2013 <em>ist<br \/>\n<\/em><\/p>\n<p><span style=\"color: #ff0000;\"><strong>De \u00c4efel oss oos Heimat un a sch\u00f6 St\u00fccksche \u00c4rd.<\/strong><\/span> \u2013<em>&nbsp;Die Eifel ist unsere Heimat und ein sch\u00f6nes St\u00fcckchen Erde.<\/em><\/p>\n<audio class=\"wp-audio-shortcode\" id=\"audio-573-24\" preload=\"none\" style=\"width: 100%;\" controls=\"controls\"><source type=\"audio\/mpeg\" src=\"https:\/\/www.heimatfreundeweibern.de\/wordpress\/wp-content\/uploads\/2018\/12\/oss-im-Satz.mp3?_=24\" \/><a href=\"https:\/\/www.heimatfreundeweibern.de\/wordpress\/wp-content\/uploads\/2018\/12\/oss-im-Satz.mp3\">https:\/\/www.heimatfreundeweibern.de\/wordpress\/wp-content\/uploads\/2018\/12\/oss-im-Satz.mp3<\/a><\/audio>\n","protected":false},"excerpt":{"rendered":"<p>obatt&nbsp;&#8211; och was (Verneinung) Obatt, der oss jest\u00f6rwe?&nbsp; &#8211; Och was, der ist gestorben? objekooft \u2013 aufgekauft Jeste kom de Altr\u00e4uscher (Altr\u00f6cher) mot em Auto on h\u00e4t Eise, Lompe on annere ahle Kroam objekooft. \u2013&nbsp;Gestern kam der Altwarenh\u00e4ndler mit dem Auto und hat Eisen, Lumpen und anderen Kram aufgekauft. objeschmo\u00df &#8211; aufgeschmissen Der woar janz sch\u00f6n objeschmoss. &#8211; Der war<\/p>\n","protected":false},"author":2,"featured_media":0,"parent":0,"menu_order":0,"comment_status":"closed","ping_status":"closed","template":"","meta":{"_crdt_document":"","ngg_post_thumbnail":0,"pgc_sgb_lightbox_settings":"","footnotes":""},"class_list":["post-573","page","type-page","status-publish","hentry"],"publishpress_future_action":{"enabled":false,"date":"2026-04-25 10:37:47","action":"change-status","newStatus":"draft","terms":[],"taxonomy":"","extraData":[]},"publishpress_future_workflow_manual_trigger":{"enabledWorkflows":[]},"_links":{"self":[{"href":"https:\/\/www.heimatfreundeweibern.de\/wordpress\/wp-json\/wp\/v2\/pages\/573","targetHints":{"allow":["GET"]}}],"collection":[{"href":"https:\/\/www.heimatfreundeweibern.de\/wordpress\/wp-json\/wp\/v2\/pages"}],"about":[{"href":"https:\/\/www.heimatfreundeweibern.de\/wordpress\/wp-json\/wp\/v2\/types\/page"}],"author":[{"embeddable":true,"href":"https:\/\/www.heimatfreundeweibern.de\/wordpress\/wp-json\/wp\/v2\/users\/2"}],"replies":[{"embeddable":true,"href":"https:\/\/www.heimatfreundeweibern.de\/wordpress\/wp-json\/wp\/v2\/comments?post=573"}],"version-history":[{"count":14,"href":"https:\/\/www.heimatfreundeweibern.de\/wordpress\/wp-json\/wp\/v2\/pages\/573\/revisions"}],"predecessor-version":[{"id":6356,"href":"https:\/\/www.heimatfreundeweibern.de\/wordpress\/wp-json\/wp\/v2\/pages\/573\/revisions\/6356"}],"wp:attachment":[{"href":"https:\/\/www.heimatfreundeweibern.de\/wordpress\/wp-json\/wp\/v2\/media?parent=573"}],"curies":[{"name":"wp","href":"https:\/\/api.w.org\/{rel}","templated":true}]}}