{"id":87,"date":"2018-10-24T12:32:51","date_gmt":"2018-10-24T10:32:51","guid":{"rendered":"https:\/\/www.heimatfreundeweibern.de\/wordpress\/?page_id=87"},"modified":"2019-01-08T19:56:25","modified_gmt":"2019-01-08T18:56:25","slug":"weiwene-platt","status":"publish","type":"page","link":"https:\/\/www.heimatfreundeweibern.de\/wordpress\/weiwene-platt\/","title":{"rendered":"Weiwene Platt"},"content":{"rendered":"<p>Aufnahme Manfred Dahm Barbara Kirmes 2018 <strong><span style=\"color: #ff0000;\">&#8222;De nixnotzije Kroam us em \u00c4lle&#8220;\u00a0<\/span><\/strong><\/p>\n<audio class=\"wp-audio-shortcode\" id=\"audio-87-1\" preload=\"none\" style=\"width: 100%;\" controls=\"controls\"><source type=\"audio\/mpeg\" src=\"https:\/\/www.heimatfreundeweibern.de\/wordpress\/wp-content\/uploads\/2019\/01\/Manfred-Dahm-online-audio-converter.com_.mp3?_=1\" \/><a href=\"https:\/\/www.heimatfreundeweibern.de\/wordpress\/wp-content\/uploads\/2019\/01\/Manfred-Dahm-online-audio-converter.com_.mp3\">https:\/\/www.heimatfreundeweibern.de\/wordpress\/wp-content\/uploads\/2019\/01\/Manfred-Dahm-online-audio-converter.com_.mp3<\/a><\/audio>\n<p>Aufnahme Natalie Gros Barbara Kirmes 2018 <strong><span style=\"color: #ff0000;\">&#8222;Oose jode Jong&#8220;<\/span><\/strong><\/p>\n<audio class=\"wp-audio-shortcode\" id=\"audio-87-2\" preload=\"none\" style=\"width: 100%;\" controls=\"controls\"><source type=\"audio\/mpeg\" src=\"https:\/\/www.heimatfreundeweibern.de\/wordpress\/wp-content\/uploads\/2019\/01\/Natalie-Gros-online-audio-converter.com_.mp3?_=2\" \/><a href=\"https:\/\/www.heimatfreundeweibern.de\/wordpress\/wp-content\/uploads\/2019\/01\/Natalie-Gros-online-audio-converter.com_.mp3\">https:\/\/www.heimatfreundeweibern.de\/wordpress\/wp-content\/uploads\/2019\/01\/Natalie-Gros-online-audio-converter.com_.mp3<\/a><\/audio>\n<p>Aufnahme Ingeborg Westermeier Barbara Kirmes 2018 <strong><span style=\"color: #ff0000;\">&#8222;Dat H\u00f6tsche&#8220;<\/span><\/strong><\/p>\n<audio class=\"wp-audio-shortcode\" id=\"audio-87-3\" preload=\"none\" style=\"width: 100%;\" controls=\"controls\"><source type=\"audio\/mpeg\" src=\"https:\/\/www.heimatfreundeweibern.de\/wordpress\/wp-content\/uploads\/2019\/01\/Ingeborg-Westermeier.mp3?_=3\" \/><a href=\"https:\/\/www.heimatfreundeweibern.de\/wordpress\/wp-content\/uploads\/2019\/01\/Ingeborg-Westermeier.mp3\">https:\/\/www.heimatfreundeweibern.de\/wordpress\/wp-content\/uploads\/2019\/01\/Ingeborg-Westermeier.mp3<\/a><\/audio>\n<p>Aufnahme Rudolf Reinhardt Barbara Kirmes 2018<strong><span style=\"color: #ff0000;\"> &#8222;\u00dcwwe de Vewandschaft&#8220; \u00a0 <\/span><\/strong>Teil 1 + 2<\/p>\n<audio class=\"wp-audio-shortcode\" id=\"audio-87-4\" preload=\"none\" style=\"width: 100%;\" controls=\"controls\"><source type=\"audio\/mpeg\" src=\"https:\/\/www.heimatfreundeweibern.de\/wordpress\/wp-content\/uploads\/2019\/01\/Rudolf-Reinhardt-Teil-1-online-audio-converter.com_.mp3?_=4\" \/><a href=\"https:\/\/www.heimatfreundeweibern.de\/wordpress\/wp-content\/uploads\/2019\/01\/Rudolf-Reinhardt-Teil-1-online-audio-converter.com_.mp3\">https:\/\/www.heimatfreundeweibern.de\/wordpress\/wp-content\/uploads\/2019\/01\/Rudolf-Reinhardt-Teil-1-online-audio-converter.com_.mp3<\/a><\/audio>\n<audio class=\"wp-audio-shortcode\" id=\"audio-87-5\" preload=\"none\" style=\"width: 100%;\" controls=\"controls\"><source type=\"audio\/mpeg\" src=\"https:\/\/www.heimatfreundeweibern.de\/wordpress\/wp-content\/uploads\/2019\/01\/Rudolf-Reinhardt-Teil-2-online-audio-converter.com_.mp3?_=5\" \/><a href=\"https:\/\/www.heimatfreundeweibern.de\/wordpress\/wp-content\/uploads\/2019\/01\/Rudolf-Reinhardt-Teil-2-online-audio-converter.com_.mp3\">https:\/\/www.heimatfreundeweibern.de\/wordpress\/wp-content\/uploads\/2019\/01\/Rudolf-Reinhardt-Teil-2-online-audio-converter.com_.mp3<\/a><\/audio>\n<p>Aufnahme Jutta Bell Barbara Kirmes 2018 <strong><span style=\"color: #ff0000;\">&#8222;Alt V\u00e4\u00e4sje&#8220;\u00a0 <\/span><\/strong>Teil 1 + 2<\/p>\n<audio class=\"wp-audio-shortcode\" id=\"audio-87-6\" preload=\"none\" style=\"width: 100%;\" controls=\"controls\"><source type=\"audio\/mpeg\" src=\"https:\/\/www.heimatfreundeweibern.de\/wordpress\/wp-content\/uploads\/2019\/01\/Jutta-Bell-Teil-1-online-audio-converter.com_.mp3?_=6\" \/><a href=\"https:\/\/www.heimatfreundeweibern.de\/wordpress\/wp-content\/uploads\/2019\/01\/Jutta-Bell-Teil-1-online-audio-converter.com_.mp3\">https:\/\/www.heimatfreundeweibern.de\/wordpress\/wp-content\/uploads\/2019\/01\/Jutta-Bell-Teil-1-online-audio-converter.com_.mp3<\/a><\/audio>\n<audio class=\"wp-audio-shortcode\" id=\"audio-87-7\" preload=\"none\" style=\"width: 100%;\" controls=\"controls\"><source type=\"audio\/mpeg\" src=\"https:\/\/www.heimatfreundeweibern.de\/wordpress\/wp-content\/uploads\/2019\/01\/Jutta-Bell-Teil-2-online-audio-converter.com_.mp3?_=7\" \/><a href=\"https:\/\/www.heimatfreundeweibern.de\/wordpress\/wp-content\/uploads\/2019\/01\/Jutta-Bell-Teil-2-online-audio-converter.com_.mp3\">https:\/\/www.heimatfreundeweibern.de\/wordpress\/wp-content\/uploads\/2019\/01\/Jutta-Bell-Teil-2-online-audio-converter.com_.mp3<\/a><\/audio>\n<p><!--more--><\/p>\n<p>\u00a0<\/p>\n<p>\u00a0<\/p>\n<p>Die Tonaufnahme stammt vom Sommerfest des Seniorenzentrum Elisabeth-Haus am 09. Juli 2016. Das Kreisspiel wurde anl\u00e4sslich des 50-j\u00e4hrigen Jubil\u00e4um der Kindertagesst\u00e4tte am 12. Juni 2016 einge\u00fcbt.<\/p>\n<audio class=\"wp-audio-shortcode\" id=\"audio-87-8\" preload=\"none\" style=\"width: 100%;\" controls=\"controls\"><source type=\"audio\/mpeg\" src=\"https:\/\/www.heimatfreundeweibern.de\/wordpress\/wp-content\/uploads\/2018\/10\/Tanz-Seniorenheim-komplett.mp3?_=8\" \/><a href=\"https:\/\/www.heimatfreundeweibern.de\/wordpress\/wp-content\/uploads\/2018\/10\/Tanz-Seniorenheim-komplett.mp3\">https:\/\/www.heimatfreundeweibern.de\/wordpress\/wp-content\/uploads\/2018\/10\/Tanz-Seniorenheim-komplett.mp3<\/a><\/audio>\n<p><img loading=\"lazy\" decoding=\"async\" class=\"alignnone size-full wp-image-149\" src=\"https:\/\/www.heimatfreundeweibern.de\/wordpress\/wp-content\/uploads\/2018\/10\/15a18c734ce.jpg\" alt=\"\" width=\"644\" height=\"904\" srcset=\"https:\/\/www.heimatfreundeweibern.de\/wordpress\/wp-content\/uploads\/2018\/10\/15a18c734ce.jpg 644w, https:\/\/www.heimatfreundeweibern.de\/wordpress\/wp-content\/uploads\/2018\/10\/15a18c734ce-214x300.jpg 214w\" sizes=\"auto, (max-width: 644px) 100vw, 644px\" \/><\/p>\n\n\n<p class=\"wp-block-paragraph\"><br><\/p>\n\n\n\n<p class=\"wp-block-paragraph\"><\/p>\n","protected":false},"excerpt":{"rendered":"<p>Aufnahme Manfred Dahm Barbara Kirmes 2018 &#8222;De nixnotzije Kroam us em \u00c4lle&#8220;\u00a0 Aufnahme Natalie Gros Barbara Kirmes 2018 &#8222;Oose jode Jong&#8220; Aufnahme Ingeborg Westermeier Barbara Kirmes 2018 &#8222;Dat H\u00f6tsche&#8220; Aufnahme Rudolf Reinhardt Barbara Kirmes 2018 &#8222;\u00dcwwe de Vewandschaft&#8220; \u00a0 Teil 1 + 2 Aufnahme Jutta Bell Barbara Kirmes 2018 &#8222;Alt V\u00e4\u00e4sje&#8220;\u00a0 Teil 1 + 2<\/p>\n","protected":false},"author":1,"featured_media":0,"parent":0,"menu_order":0,"comment_status":"closed","ping_status":"closed","template":"","meta":{"_crdt_document":"","ngg_post_thumbnail":0,"pgc_sgb_lightbox_settings":"","footnotes":""},"class_list":["post-87","page","type-page","status-publish","hentry"],"publishpress_future_action":{"enabled":false,"date":"2026-04-25 10:37:47","action":"change-status","newStatus":"draft","terms":[],"taxonomy":"","extraData":[]},"publishpress_future_workflow_manual_trigger":{"enabledWorkflows":[]},"_links":{"self":[{"href":"https:\/\/www.heimatfreundeweibern.de\/wordpress\/wp-json\/wp\/v2\/pages\/87","targetHints":{"allow":["GET"]}}],"collection":[{"href":"https:\/\/www.heimatfreundeweibern.de\/wordpress\/wp-json\/wp\/v2\/pages"}],"about":[{"href":"https:\/\/www.heimatfreundeweibern.de\/wordpress\/wp-json\/wp\/v2\/types\/page"}],"author":[{"embeddable":true,"href":"https:\/\/www.heimatfreundeweibern.de\/wordpress\/wp-json\/wp\/v2\/users\/1"}],"replies":[{"embeddable":true,"href":"https:\/\/www.heimatfreundeweibern.de\/wordpress\/wp-json\/wp\/v2\/comments?post=87"}],"version-history":[{"count":39,"href":"https:\/\/www.heimatfreundeweibern.de\/wordpress\/wp-json\/wp\/v2\/pages\/87\/revisions"}],"predecessor-version":[{"id":1118,"href":"https:\/\/www.heimatfreundeweibern.de\/wordpress\/wp-json\/wp\/v2\/pages\/87\/revisions\/1118"}],"wp:attachment":[{"href":"https:\/\/www.heimatfreundeweibern.de\/wordpress\/wp-json\/wp\/v2\/media?parent=87"}],"curies":[{"name":"wp","href":"https:\/\/api.w.org\/{rel}","templated":true}]}}